{"id":100,"date":"2020-10-07T13:18:58","date_gmt":"2020-10-07T16:18:58","guid":{"rendered":"https:\/\/lopesmaconsultoria.com.br\/site\/?page_id=100"},"modified":"2020-10-20T20:53:13","modified_gmt":"2020-10-20T23:53:13","slug":"consultorias","status":"publish","type":"page","link":"https:\/\/lopesmaconsultoria.com.br\/site\/consultorias\/","title":{"rendered":"Consultorias"},"content":{"rendered":"\n<p><\/p>\n\n\n\n<p><span class=\"has-inline-color has-accent-color\">Estamos \u00e0 disposi\u00e7\u00e3o para realiza\u00e7\u00e3o de consultorias presenciais e <strong>online<\/strong><em> <\/em>na produ\u00e7\u00e3o de bovinos.<\/span><\/p>\n\n\n\n<p><span class=\"has-inline-color has-accent-color\">Para iniciarmos o seu atendimento, preencha o formul\u00e1rio a seguir, detalhando as suas necessidades.<\/span><\/p>\n","protected":false},"excerpt":{"rendered":"<p>Estamos \u00e0 disposi\u00e7\u00e3o para realiza\u00e7\u00e3o de consultorias presenciais e online na produ\u00e7\u00e3o de bovinos. Para iniciarmos o seu atendimento, preencha o formul\u00e1rio a seguir, detalhando as suas necessidades.<\/p>\n","protected":false},"author":1,"featured_media":0,"parent":0,"menu_order":0,"comment_status":"closed","ping_status":"closed","template":"","meta":{"footnotes":""},"class_list":["post-100","page","type-page","status-publish","hentry"],"_links":{"self":[{"href":"https:\/\/lopesmaconsultoria.com.br\/site\/wp-json\/wp\/v2\/pages\/100","targetHints":{"allow":["GET"]}}],"collection":[{"href":"https:\/\/lopesmaconsultoria.com.br\/site\/wp-json\/wp\/v2\/pages"}],"about":[{"href":"https:\/\/lopesmaconsultoria.com.br\/site\/wp-json\/wp\/v2\/types\/page"}],"author":[{"embeddable":true,"href":"https:\/\/lopesmaconsultoria.com.br\/site\/wp-json\/wp\/v2\/users\/1"}],"replies":[{"embeddable":true,"href":"https:\/\/lopesmaconsultoria.com.br\/site\/wp-json\/wp\/v2\/comments?post=100"}],"version-history":[{"count":7,"href":"https:\/\/lopesmaconsultoria.com.br\/site\/wp-json\/wp\/v2\/pages\/100\/revisions"}],"predecessor-version":[{"id":449,"href":"https:\/\/lopesmaconsultoria.com.br\/site\/wp-json\/wp\/v2\/pages\/100\/revisions\/449"}],"wp:attachment":[{"href":"https:\/\/lopesmaconsultoria.com.br\/site\/wp-json\/wp\/v2\/media?parent=100"}],"curies":[{"name":"wp","href":"https:\/\/api.w.org\/{rel}","templated":true}]}}