{"id":102,"date":"2020-10-07T13:19:32","date_gmt":"2020-10-07T16:19:32","guid":{"rendered":"https:\/\/lopesmaconsultoria.com.br\/site\/?page_id=102"},"modified":"2020-10-08T15:53:20","modified_gmt":"2020-10-08T18:53:20","slug":"planejamento-e-gestao-eficientes","status":"publish","type":"page","link":"https:\/\/lopesmaconsultoria.com.br\/site\/planejamento-e-gestao-eficientes\/","title":{"rendered":"Planejamento e gest\u00e3o eficientes"},"content":{"rendered":"\n<p>Estamos aptos para realizar o planejamento e gest\u00e3o, implementando sistemas de gest\u00e3o na bovinocultura.<\/p>\n\n\n\n<ul class=\"wp-block-list\"><li>Implanta\u00e7\u00e3o de um sistema de custo de produ\u00e7\u00e3o e an\u00e1lise de rentabilidade;<\/li><li>Levantamento do estoque de insumos;<\/li><li>Realiza\u00e7\u00e3o do invent\u00e1rio dos bens e do rebanho;<\/li><li>Valora\u00e7\u00e3o dos bens;<\/li><li>Implanta\u00e7\u00e3o de um sistema de an\u00e1lise de sensibilidade;<\/li><li>Estimativa de \u00edndices t\u00e9cnicos e gerenciais;<\/li><li>Registro zoot\u00e9cnico;<\/li><li>Estimativa de indicadores zoot\u00e9cnicos;<\/li><\/ul>\n\n\n\n<p>Para iniciarmos o seu atendimento, preencha o formul\u00e1rio a seguir, detalhando as suas necessidades.<\/p>\n\n\n\n<div class=\"wpcf7 no-js\" id=\"wpcf7-f152-o1\" lang=\"pt-BR\" dir=\"ltr\" data-wpcf7-id=\"152\">\n<div class=\"screen-reader-response\"><p role=\"status\" aria-live=\"polite\" aria-atomic=\"true\"><\/p> <ul><\/ul><\/div>\n<form action=\"\/site\/wp-json\/wp\/v2\/pages\/102#wpcf7-f152-o1\" method=\"post\" class=\"wpcf7-form init\" aria-label=\"Formul\u00e1rios de contato\" novalidate=\"novalidate\" data-status=\"init\">\n<fieldset class=\"hidden-fields-container\"><input type=\"hidden\" name=\"_wpcf7\" value=\"152\" \/><input type=\"hidden\" name=\"_wpcf7_version\" value=\"6.1.3\" \/><input type=\"hidden\" name=\"_wpcf7_locale\" value=\"pt_BR\" \/><input type=\"hidden\" name=\"_wpcf7_unit_tag\" value=\"wpcf7-f152-o1\" \/><input type=\"hidden\" name=\"_wpcf7_container_post\" value=\"0\" \/><input type=\"hidden\" name=\"_wpcf7_posted_data_hash\" value=\"\" \/><input type=\"hidden\" name=\"_wpcf7_recaptcha_response\" value=\"\" \/>\n<\/fieldset>\n<p><label> Seu nome (obrigat\u00f3rio)<br \/>\n<span class=\"wpcf7-form-control-wrap\" data-name=\"your-name\"><input size=\"40\" maxlength=\"400\" class=\"wpcf7-form-control wpcf7-text wpcf7-validates-as-required\" aria-required=\"true\" aria-invalid=\"false\" value=\"\" type=\"text\" name=\"your-name\" \/><\/span> <\/label>\n<\/p>\n<p><label> Seu e-mail (obrigat\u00f3rio)<br \/>\n<span class=\"wpcf7-form-control-wrap\" data-name=\"your-email\"><input size=\"40\" maxlength=\"400\" class=\"wpcf7-form-control wpcf7-email wpcf7-validates-as-required wpcf7-text wpcf7-validates-as-email\" aria-required=\"true\" aria-invalid=\"false\" value=\"\" type=\"email\" name=\"your-email\" \/><\/span> <\/label>\n<\/p>\n<p><label> Seu telefone<br \/>\n<span class=\"wpcf7-form-control-wrap\" data-name=\"your-phone\"><input size=\"40\" maxlength=\"400\" class=\"wpcf7-form-control wpcf7-text\" aria-invalid=\"false\" value=\"\" type=\"text\" name=\"your-phone\" \/><\/span> <\/label>\n<\/p>\n<p><label> Assunto<br \/>\n<span class=\"wpcf7-form-control-wrap\" data-name=\"your-subject\"><input size=\"40\" maxlength=\"400\" class=\"wpcf7-form-control wpcf7-text\" aria-invalid=\"false\" value=\"\" type=\"text\" name=\"your-subject\" \/><\/span> <\/label>\n<\/p>\n<p><label> Sua mensagem<br \/>\n<span class=\"wpcf7-form-control-wrap\" data-name=\"your-message\"><textarea cols=\"40\" rows=\"10\" maxlength=\"2000\" class=\"wpcf7-form-control wpcf7-textarea\" aria-invalid=\"false\" name=\"your-message\"><\/textarea><\/span> <\/label>\n<\/p>\n<p><input class=\"wpcf7-form-control wpcf7-submit has-spinner\" type=\"submit\" value=\"Enviar\" \/>\n<\/p><div class=\"wpcf7-response-output\" aria-hidden=\"true\"><\/div>\n<\/form>\n<\/div>\n\n","protected":false},"excerpt":{"rendered":"<p>Estamos aptos para realizar o planejamento e gest\u00e3o, implementando sistemas de gest\u00e3o na bovinocultura. Implanta\u00e7\u00e3o de um sistema de custo de produ\u00e7\u00e3o e an\u00e1lise de rentabilidade; Levantamento do estoque de insumos; Realiza\u00e7\u00e3o do invent\u00e1rio dos bens e do rebanho; Valora\u00e7\u00e3o dos bens; Implanta\u00e7\u00e3o de um sistema de an\u00e1lise de sensibilidade; Estimativa de \u00edndices t\u00e9cnicos e [&hellip;]<\/p>\n","protected":false},"author":1,"featured_media":0,"parent":0,"menu_order":0,"comment_status":"closed","ping_status":"closed","template":"","meta":{"footnotes":""},"class_list":["post-102","page","type-page","status-publish","hentry"],"_links":{"self":[{"href":"https:\/\/lopesmaconsultoria.com.br\/site\/wp-json\/wp\/v2\/pages\/102","targetHints":{"allow":["GET"]}}],"collection":[{"href":"https:\/\/lopesmaconsultoria.com.br\/site\/wp-json\/wp\/v2\/pages"}],"about":[{"href":"https:\/\/lopesmaconsultoria.com.br\/site\/wp-json\/wp\/v2\/types\/page"}],"author":[{"embeddable":true,"href":"https:\/\/lopesmaconsultoria.com.br\/site\/wp-json\/wp\/v2\/users\/1"}],"replies":[{"embeddable":true,"href":"https:\/\/lopesmaconsultoria.com.br\/site\/wp-json\/wp\/v2\/comments?post=102"}],"version-history":[{"count":4,"href":"https:\/\/lopesmaconsultoria.com.br\/site\/wp-json\/wp\/v2\/pages\/102\/revisions"}],"predecessor-version":[{"id":332,"href":"https:\/\/lopesmaconsultoria.com.br\/site\/wp-json\/wp\/v2\/pages\/102\/revisions\/332"}],"wp:attachment":[{"href":"https:\/\/lopesmaconsultoria.com.br\/site\/wp-json\/wp\/v2\/media?parent=102"}],"curies":[{"name":"wp","href":"https:\/\/api.w.org\/{rel}","templated":true}]}}