{"id":433,"date":"2020-10-19T19:01:49","date_gmt":"2020-10-19T22:01:49","guid":{"rendered":"https:\/\/lopesmaconsultoria.com.br\/site\/?page_id=433"},"modified":"2021-02-18T11:41:55","modified_gmt":"2021-02-18T14:41:55","slug":"artigos-tecnicos-3","status":"publish","type":"page","link":"https:\/\/lopesmaconsultoria.com.br\/site\/artigos-tecnicos-3\/","title":{"rendered":"Artigos t\u00e9cnicos"},"content":{"rendered":"\n<p><a rel=\"noreferrer noopener\" href=\"https:\/\/lopesmaconsultoria.com.br\/site\/wp-content\/uploads\/2021\/02\/1-Artigo-MR-Rural-Custo-de-producao.pdf\" target=\"_blank\">1. Custo de produ\u00e7\u00e3o: pecu\u00e1ria de corte.\u00a0 Revista MB Rural<\/a><br><a rel=\"noreferrer noopener\" href=\"https:\/\/lopesmaconsultoria.com.br\/site\/wp-content\/uploads\/2021\/02\/2-Artigo-MR-Rural-Analise-de-rentabilidade-1.pdf\" data-type=\"URL\" data-id=\"https:\/\/lopesmaconsultoria.com.br\/site\/wp-content\/uploads\/2021\/02\/2-Artigo-MR-Rural-Analise-de-rentabilidade-1.pdf\" target=\"_blank\">2. An\u00e1lise de rentabilidade na pecu\u00e1ria de corte. Revista <strong>MB Rural<\/strong>.<\/a><\/p>\n","protected":false},"excerpt":{"rendered":"<p>1. Custo de produ\u00e7\u00e3o: pecu\u00e1ria de corte.\u00a0 Revista MB Rural2. An\u00e1lise de rentabilidade na pecu\u00e1ria de corte. Revista MB Rural.<\/p>\n","protected":false},"author":1,"featured_media":0,"parent":0,"menu_order":0,"comment_status":"closed","ping_status":"closed","template":"","meta":{"footnotes":""},"class_list":["post-433","page","type-page","status-publish","hentry"],"_links":{"self":[{"href":"https:\/\/lopesmaconsultoria.com.br\/site\/wp-json\/wp\/v2\/pages\/433","targetHints":{"allow":["GET"]}}],"collection":[{"href":"https:\/\/lopesmaconsultoria.com.br\/site\/wp-json\/wp\/v2\/pages"}],"about":[{"href":"https:\/\/lopesmaconsultoria.com.br\/site\/wp-json\/wp\/v2\/types\/page"}],"author":[{"embeddable":true,"href":"https:\/\/lopesmaconsultoria.com.br\/site\/wp-json\/wp\/v2\/users\/1"}],"replies":[{"embeddable":true,"href":"https:\/\/lopesmaconsultoria.com.br\/site\/wp-json\/wp\/v2\/comments?post=433"}],"version-history":[{"count":20,"href":"https:\/\/lopesmaconsultoria.com.br\/site\/wp-json\/wp\/v2\/pages\/433\/revisions"}],"predecessor-version":[{"id":1217,"href":"https:\/\/lopesmaconsultoria.com.br\/site\/wp-json\/wp\/v2\/pages\/433\/revisions\/1217"}],"wp:attachment":[{"href":"https:\/\/lopesmaconsultoria.com.br\/site\/wp-json\/wp\/v2\/media?parent=433"}],"curies":[{"name":"wp","href":"https:\/\/api.w.org\/{rel}","templated":true}]}}