{"id":6,"date":"2020-10-07T11:39:43","date_gmt":"2020-10-07T14:39:43","guid":{"rendered":"https:\/\/lopesmaconsultoria.com.br\/site\/?page_id=6"},"modified":"2023-01-30T13:09:58","modified_gmt":"2023-01-30T16:09:58","slug":"o-novo-umoma-abre-suas-portas-2","status":"publish","type":"page","link":"https:\/\/lopesmaconsultoria.com.br\/site\/","title":{"rendered":"In\u00edcio"},"content":{"rendered":"\n<p class=\"has-text-align-left has-small-font-size\"><mark style=\"background-color:rgba(0, 0, 0, 0);color:#734734\" class=\"has-inline-color\"><strong> EXPERI\u00caNCIA E EXCEL\u00caNCIA EM DESENVOLVIMENTO RURAL SUSTENT\u00c1VEL<\/strong><\/mark><\/p>\n\n\n\n<figure class=\"wp-block-image size-large is-resized\"><img loading=\"lazy\" decoding=\"async\" src=\"https:\/\/lopesmaconsultoria.com.br\/site\/wp-content\/uploads\/2022\/11\/IMG_3099-foto-para-site-da-Lopes-MA-1024x768.jpg\" alt=\"\" class=\"wp-image-1472\" width=\"672\" height=\"504\" srcset=\"https:\/\/lopesmaconsultoria.com.br\/site\/wp-content\/uploads\/2022\/11\/IMG_3099-foto-para-site-da-Lopes-MA-1024x768.jpg 1024w, https:\/\/lopesmaconsultoria.com.br\/site\/wp-content\/uploads\/2022\/11\/IMG_3099-foto-para-site-da-Lopes-MA-300x225.jpg 300w, https:\/\/lopesmaconsultoria.com.br\/site\/wp-content\/uploads\/2022\/11\/IMG_3099-foto-para-site-da-Lopes-MA-768x576.jpg 768w, https:\/\/lopesmaconsultoria.com.br\/site\/wp-content\/uploads\/2022\/11\/IMG_3099-foto-para-site-da-Lopes-MA-1536x1152.jpg 1536w, https:\/\/lopesmaconsultoria.com.br\/site\/wp-content\/uploads\/2022\/11\/IMG_3099-foto-para-site-da-Lopes-MA-2048x1536.jpg 2048w, https:\/\/lopesmaconsultoria.com.br\/site\/wp-content\/uploads\/2022\/11\/IMG_3099-foto-para-site-da-Lopes-MA-1200x900.jpg 1200w, https:\/\/lopesmaconsultoria.com.br\/site\/wp-content\/uploads\/2022\/11\/IMG_3099-foto-para-site-da-Lopes-MA-1980x1485.jpg 1980w, https:\/\/lopesmaconsultoria.com.br\/site\/wp-content\/uploads\/2022\/11\/IMG_3099-foto-para-site-da-Lopes-MA-600x450.jpg 600w\" sizes=\"auto, (max-width: 672px) 100vw, 672px\" \/><\/figure>\n\n\n\n<div class=\"wp-block-columns alignwide are-vertically-aligned-top is-layout-flex wp-container-core-columns-is-layout-28f84493 wp-block-columns-is-layout-flex\">\n<div class=\"wp-block-column is-vertically-aligned-top is-layout-flow wp-block-column-is-layout-flow\">\n<div class=\"wp-block-cover is-light is-position-center-center\" style=\"min-height:200px;aspect-ratio:unset;\"><span aria-hidden=\"true\" class=\"wp-block-cover__background has-background-dim\"><\/span><img loading=\"lazy\" decoding=\"async\" width=\"1024\" height=\"500\" class=\"wp-block-cover__image-background wp-image-53\" alt=\"\" src=\"https:\/\/lopesmaconsultoria.com.br\/site\/wp-content\/uploads\/2020\/10\/6.jpg\" data-object-fit=\"cover\" srcset=\"https:\/\/lopesmaconsultoria.com.br\/site\/wp-content\/uploads\/2020\/10\/6.jpg 1024w, https:\/\/lopesmaconsultoria.com.br\/site\/wp-content\/uploads\/2020\/10\/6-600x293.jpg 600w, https:\/\/lopesmaconsultoria.com.br\/site\/wp-content\/uploads\/2020\/10\/6-300x146.jpg 300w, https:\/\/lopesmaconsultoria.com.br\/site\/wp-content\/uploads\/2020\/10\/6-768x375.jpg 768w\" sizes=\"auto, (max-width: 1024px) 100vw, 1024px\" \/><div class=\"wp-block-cover__inner-container is-layout-flow wp-block-cover-is-layout-flow\">\n<h5 class=\"wp-block-heading\">Consultorias<\/h5>\n\n\n\n<div class=\"wp-block-buttons is-layout-flex wp-block-buttons-is-layout-flex\">\n<div class=\"wp-block-button is-style-fill\"><a class=\"wp-block-button__link has-background-color has-accent-background-color has-text-color has-background wp-element-button\" href=\"https:\/\/lopesmaconsultoria.com.br\/site\/consultoria\/\">Saiba mais<\/a><\/div>\n<\/div>\n<\/div><\/div>\n\n\n\n<div class=\"wp-block-cover\" style=\"min-height:200px;aspect-ratio:unset;\"><span aria-hidden=\"true\" class=\"wp-block-cover__background has-background-dim\"><\/span><img loading=\"lazy\" decoding=\"async\" width=\"1024\" height=\"500\" class=\"wp-block-cover__image-background wp-image-55\" alt=\"\" src=\"https:\/\/lopesmaconsultoria.com.br\/site\/wp-content\/uploads\/2020\/10\/3.jpg\" data-object-fit=\"cover\" srcset=\"https:\/\/lopesmaconsultoria.com.br\/site\/wp-content\/uploads\/2020\/10\/3.jpg 1024w, https:\/\/lopesmaconsultoria.com.br\/site\/wp-content\/uploads\/2020\/10\/3-600x293.jpg 600w, https:\/\/lopesmaconsultoria.com.br\/site\/wp-content\/uploads\/2020\/10\/3-300x146.jpg 300w, https:\/\/lopesmaconsultoria.com.br\/site\/wp-content\/uploads\/2020\/10\/3-768x375.jpg 768w\" sizes=\"auto, (max-width: 1024px) 100vw, 1024px\" \/><div class=\"wp-block-cover__inner-container is-layout-flow wp-block-cover-is-layout-flow\">\n<h5 class=\"wp-block-heading\">Diagn\u00f3stico em propriedades<\/h5>\n\n\n\n<div class=\"wp-block-buttons is-layout-flex wp-block-buttons-is-layout-flex\">\n<div class=\"wp-block-button\"><a class=\"wp-block-button__link has-background-color has-accent-background-color has-text-color has-background wp-element-button\" href=\"https:\/\/lopesmaconsultoria.com.br\/site\/diagnostico-em-propriedades\/\">SAIBA MAIS<\/a><\/div>\n<\/div>\n<\/div><\/div>\n\n\n\n<div class=\"wp-block-cover is-light\" style=\"min-height:200px;aspect-ratio:unset;\"><span aria-hidden=\"true\" class=\"wp-block-cover__background has-background-dim\"><\/span><img loading=\"lazy\" decoding=\"async\" width=\"1024\" height=\"500\" class=\"wp-block-cover__image-background wp-image-57\" alt=\"\" src=\"https:\/\/lopesmaconsultoria.com.br\/site\/wp-content\/uploads\/2020\/10\/2.jpg\" data-object-fit=\"cover\" srcset=\"https:\/\/lopesmaconsultoria.com.br\/site\/wp-content\/uploads\/2020\/10\/2.jpg 1024w, https:\/\/lopesmaconsultoria.com.br\/site\/wp-content\/uploads\/2020\/10\/2-600x293.jpg 600w, https:\/\/lopesmaconsultoria.com.br\/site\/wp-content\/uploads\/2020\/10\/2-300x146.jpg 300w, https:\/\/lopesmaconsultoria.com.br\/site\/wp-content\/uploads\/2020\/10\/2-768x375.jpg 768w\" sizes=\"auto, (max-width: 1024px) 100vw, 1024px\" \/><div class=\"wp-block-cover__inner-container is-layout-flow wp-block-cover-is-layout-flow\">\n<h5 class=\"wp-block-heading\">Gest\u00e3o de recursos forrageiros<\/h5>\n\n\n\n<div class=\"wp-block-buttons is-layout-flex wp-block-buttons-is-layout-flex\">\n<div class=\"wp-block-button\"><a class=\"wp-block-button__link has-background-color has-accent-background-color has-text-color has-background wp-element-button\" href=\"https:\/\/lopesmaconsultoria.com.br\/site\/gestao-de-recursos-forrageiros\/\">SAIBA MAIS<\/a><\/div>\n<\/div>\n<\/div><\/div>\n\n\n\n<div class=\"wp-block-cover\" style=\"min-height:200px;aspect-ratio:unset;\"><span aria-hidden=\"true\" class=\"wp-block-cover__background has-background-dim\"><\/span><img loading=\"lazy\" decoding=\"async\" width=\"1024\" height=\"500\" class=\"wp-block-cover__image-background wp-image-59\" alt=\"\" src=\"https:\/\/lopesmaconsultoria.com.br\/site\/wp-content\/uploads\/2020\/10\/7.jpg\" data-object-fit=\"cover\" srcset=\"https:\/\/lopesmaconsultoria.com.br\/site\/wp-content\/uploads\/2020\/10\/7.jpg 1024w, https:\/\/lopesmaconsultoria.com.br\/site\/wp-content\/uploads\/2020\/10\/7-600x293.jpg 600w, https:\/\/lopesmaconsultoria.com.br\/site\/wp-content\/uploads\/2020\/10\/7-300x146.jpg 300w, https:\/\/lopesmaconsultoria.com.br\/site\/wp-content\/uploads\/2020\/10\/7-768x375.jpg 768w\" sizes=\"auto, (max-width: 1024px) 100vw, 1024px\" \/><div class=\"wp-block-cover__inner-container is-layout-flow wp-block-cover-is-layout-flow\">\n<h5 class=\"wp-block-heading\">Estudos de viabilidade econ\u00f4mico e financeira para ado\u00e7\u00e3o e implanta\u00e7\u00e3o de tecnologias e infraestrutura<\/h5>\n\n\n\n<div class=\"wp-block-buttons is-layout-flex wp-block-buttons-is-layout-flex\">\n<div class=\"wp-block-button\"><a class=\"wp-block-button__link has-background-color has-accent-background-color has-text-color has-background wp-element-button\" href=\"https:\/\/lopesmaconsultoria.com.br\/site\/estudos-de-viabilidade-economico-e-financeira-para-adocao-e-implantacao-de-tecnologias-e-infraestrutura\/\">SAIBA MAIS<\/a><\/div>\n<\/div>\n<\/div><\/div>\n<\/div>\n\n\n\n<div class=\"wp-block-column is-vertically-aligned-top is-layout-flow wp-block-column-is-layout-flow\">\n<div class=\"wp-block-cover is-light\" style=\"min-height:200px;aspect-ratio:unset;\"><span aria-hidden=\"true\" class=\"wp-block-cover__background has-background-dim\"><\/span><img loading=\"lazy\" decoding=\"async\" width=\"1024\" height=\"500\" class=\"wp-block-cover__image-background wp-image-54\" alt=\"\" src=\"https:\/\/lopesmaconsultoria.com.br\/site\/wp-content\/uploads\/2020\/10\/1.jpg\" data-object-fit=\"cover\" srcset=\"https:\/\/lopesmaconsultoria.com.br\/site\/wp-content\/uploads\/2020\/10\/1.jpg 1024w, https:\/\/lopesmaconsultoria.com.br\/site\/wp-content\/uploads\/2020\/10\/1-600x293.jpg 600w, https:\/\/lopesmaconsultoria.com.br\/site\/wp-content\/uploads\/2020\/10\/1-300x146.jpg 300w, https:\/\/lopesmaconsultoria.com.br\/site\/wp-content\/uploads\/2020\/10\/1-768x375.jpg 768w\" sizes=\"auto, (max-width: 1024px) 100vw, 1024px\" \/><div class=\"wp-block-cover__inner-container is-layout-flow wp-block-cover-is-layout-flow\">\n<h5 class=\"wp-block-heading\">Planejamento e gest\u00e3o eficientes<\/h5>\n\n\n\n<div class=\"wp-block-buttons is-layout-flex wp-block-buttons-is-layout-flex\">\n<div class=\"wp-block-button is-style-fill\"><a class=\"wp-block-button__link has-background-color has-accent-background-color has-text-color has-background wp-element-button\" href=\"https:\/\/lopesmaconsultoria.com.br\/site\/planejamento-e-gestao-eficientes\/\">SAIBA MAIS<\/a><\/div>\n<\/div>\n<\/div><\/div>\n\n\n\n<div class=\"wp-block-cover\" style=\"min-height:200px;aspect-ratio:unset;\"><span aria-hidden=\"true\" class=\"wp-block-cover__background has-background-dim\"><\/span><img loading=\"lazy\" decoding=\"async\" width=\"1024\" height=\"500\" class=\"wp-block-cover__image-background wp-image-56\" alt=\"\" src=\"https:\/\/lopesmaconsultoria.com.br\/site\/wp-content\/uploads\/2020\/10\/4.jpg\" data-object-fit=\"cover\" srcset=\"https:\/\/lopesmaconsultoria.com.br\/site\/wp-content\/uploads\/2020\/10\/4.jpg 1024w, https:\/\/lopesmaconsultoria.com.br\/site\/wp-content\/uploads\/2020\/10\/4-600x293.jpg 600w, https:\/\/lopesmaconsultoria.com.br\/site\/wp-content\/uploads\/2020\/10\/4-300x146.jpg 300w, https:\/\/lopesmaconsultoria.com.br\/site\/wp-content\/uploads\/2020\/10\/4-768x375.jpg 768w\" sizes=\"auto, (max-width: 1024px) 100vw, 1024px\" \/><div class=\"wp-block-cover__inner-container is-layout-flow wp-block-cover-is-layout-flow\">\n<h5 class=\"wp-block-heading\">Dimensionamento e evolu\u00e7\u00e3o de rebanhos<\/h5>\n\n\n\n<div class=\"wp-block-buttons is-layout-flex wp-block-buttons-is-layout-flex\">\n<div class=\"wp-block-button\"><a class=\"wp-block-button__link has-background-color has-accent-background-color has-text-color has-background wp-element-button\" href=\"https:\/\/lopesmaconsultoria.com.br\/site\/dimensionamento-e-evolucao-de-rebanhos\/\">SAIBA MAIS<\/a><\/div>\n<\/div>\n<\/div><\/div>\n\n\n\n<div class=\"wp-block-cover is-light\" style=\"min-height:200px;aspect-ratio:unset;\"><span aria-hidden=\"true\" class=\"wp-block-cover__background has-background-dim\"><\/span><img loading=\"lazy\" decoding=\"async\" width=\"1024\" height=\"500\" class=\"wp-block-cover__image-background wp-image-58\" alt=\"\" src=\"https:\/\/lopesmaconsultoria.com.br\/site\/wp-content\/uploads\/2020\/10\/5.jpg\" data-object-fit=\"cover\" srcset=\"https:\/\/lopesmaconsultoria.com.br\/site\/wp-content\/uploads\/2020\/10\/5.jpg 1024w, https:\/\/lopesmaconsultoria.com.br\/site\/wp-content\/uploads\/2020\/10\/5-600x293.jpg 600w, https:\/\/lopesmaconsultoria.com.br\/site\/wp-content\/uploads\/2020\/10\/5-300x146.jpg 300w, https:\/\/lopesmaconsultoria.com.br\/site\/wp-content\/uploads\/2020\/10\/5-768x375.jpg 768w\" sizes=\"auto, (max-width: 1024px) 100vw, 1024px\" \/><div class=\"wp-block-cover__inner-container is-layout-flow wp-block-cover-is-layout-flow\">\n<h5 class=\"wp-block-heading\">Projetos de viabilidade econ\u00f4mica e financeira<\/h5>\n\n\n\n<div class=\"wp-block-buttons is-layout-flex wp-block-buttons-is-layout-flex\">\n<div class=\"wp-block-button\"><a class=\"wp-block-button__link has-background-color has-accent-background-color has-text-color has-background wp-element-button\" href=\"https:\/\/lopesmaconsultoria.com.br\/site\/projetos-de-viabilidade-economica-e-financeira\/\">SAIBA MAIS<\/a><\/div>\n<\/div>\n<\/div><\/div>\n\n\n\n<div class=\"wp-block-cover is-light\" style=\"min-height:200px;aspect-ratio:unset;\"><span aria-hidden=\"true\" class=\"wp-block-cover__background has-background-dim\"><\/span><img loading=\"lazy\" decoding=\"async\" width=\"1024\" height=\"500\" class=\"wp-block-cover__image-background wp-image-60\" alt=\"\" src=\"https:\/\/lopesmaconsultoria.com.br\/site\/wp-content\/uploads\/2020\/10\/8.jpg\" data-object-fit=\"cover\" srcset=\"https:\/\/lopesmaconsultoria.com.br\/site\/wp-content\/uploads\/2020\/10\/8.jpg 1024w, https:\/\/lopesmaconsultoria.com.br\/site\/wp-content\/uploads\/2020\/10\/8-600x293.jpg 600w, https:\/\/lopesmaconsultoria.com.br\/site\/wp-content\/uploads\/2020\/10\/8-300x146.jpg 300w, https:\/\/lopesmaconsultoria.com.br\/site\/wp-content\/uploads\/2020\/10\/8-768x375.jpg 768w\" sizes=\"auto, (max-width: 1024px) 100vw, 1024px\" \/><div class=\"wp-block-cover__inner-container is-layout-flow wp-block-cover-is-layout-flow\">\n<h5 class=\"wp-block-heading\">Programa Bovinocultura Sustent\u00e1vel<\/h5>\n\n\n\n<div class=\"wp-block-buttons is-layout-flex wp-block-buttons-is-layout-flex\">\n<div class=\"wp-block-button\"><a class=\"wp-block-button__link has-background-color has-accent-background-color has-text-color has-background wp-element-button\" href=\"https:\/\/lopesmaconsultoria.com.br\/site\/programa-bovinocultura-sustentavel\/\">SAIBA MAIS<\/a><\/div>\n<\/div>\n<\/div><\/div>\n<\/div>\n<\/div>\n\n\n\n<p><\/p>\n","protected":false},"excerpt":{"rendered":"<p>EXPERI\u00caNCIA E EXCEL\u00caNCIA EM DESENVOLVIMENTO RURAL SUSTENT\u00c1VEL<\/p>\n","protected":false},"author":1,"featured_media":0,"parent":0,"menu_order":0,"comment_status":"closed","ping_status":"open","template":"","meta":{"footnotes":""},"class_list":["post-6","page","type-page","status-publish","hentry"],"_links":{"self":[{"href":"https:\/\/lopesmaconsultoria.com.br\/site\/wp-json\/wp\/v2\/pages\/6","targetHints":{"allow":["GET"]}}],"collection":[{"href":"https:\/\/lopesmaconsultoria.com.br\/site\/wp-json\/wp\/v2\/pages"}],"about":[{"href":"https:\/\/lopesmaconsultoria.com.br\/site\/wp-json\/wp\/v2\/types\/page"}],"author":[{"embeddable":true,"href":"https:\/\/lopesmaconsultoria.com.br\/site\/wp-json\/wp\/v2\/users\/1"}],"replies":[{"embeddable":true,"href":"https:\/\/lopesmaconsultoria.com.br\/site\/wp-json\/wp\/v2\/comments?post=6"}],"version-history":[{"count":133,"href":"https:\/\/lopesmaconsultoria.com.br\/site\/wp-json\/wp\/v2\/pages\/6\/revisions"}],"predecessor-version":[{"id":1546,"href":"https:\/\/lopesmaconsultoria.com.br\/site\/wp-json\/wp\/v2\/pages\/6\/revisions\/1546"}],"wp:attachment":[{"href":"https:\/\/lopesmaconsultoria.com.br\/site\/wp-json\/wp\/v2\/media?parent=6"}],"curies":[{"name":"wp","href":"https:\/\/api.w.org\/{rel}","templated":true}]}}