{"id":7,"date":"2020-10-07T11:39:43","date_gmt":"2020-10-07T14:39:43","guid":{"rendered":"https:\/\/lopesmaconsultoria.com.br\/site\/?page_id=7"},"modified":"2023-02-07T17:54:55","modified_gmt":"2023-02-07T20:54:55","slug":"quem-somos","status":"publish","type":"page","link":"https:\/\/lopesmaconsultoria.com.br\/site\/quem-somos\/","title":{"rendered":"Quem somos"},"content":{"rendered":"\n<h2 class=\"wp-block-heading\">Miss\u00e3o:<br><br><br>Capacitar t\u00e9cnicos, estudantes, pecuaristas e trabalhadores na bovinocultura para uma maior produ\u00e7\u00e3o de alimentos, de forma economicamente vi\u00e1vel, socialmente justa e ambientalmente correta, promovendo o desenvolvimento pessoal e profissional eficaz.<br><br>Capacitar t\u00e9cnicos, estudantes, pecuaristas e trabalhadores na bovinocultura para uma maior produ\u00e7\u00e3o de alimentos, de forma economicamente vi\u00e1vel, socialmente justa e ambientalmente correta, promovendo o desenvolvimento pessoal e profissional eficaz.<\/h2>\n\n\n\n<p><\/p>\n\n\n\n<h2 class=\"wp-block-heading\">Vis\u00e3o: <br><br><\/h2>\n\n\n\n<p>Em cinco anos ser reconhecida nacionalmente como uma empresa que prima pela excel\u00eancia em capacita\u00e7\u00f5es que contribuam para o desenvolvimento rural sustent\u00e1vel.<br><\/p>\n\n\n\n<h2 class=\"wp-block-heading\">Valores:<br><br><\/h2>\n\n\n\n<p>Experi\u00eancia e excel\u00eancia; Isen\u00e7\u00e3o e imparcialidade; Integridade e honestidade; Amor e respeito ao pr\u00f3ximo.<\/p>\n\n\n\n<p><\/p>\n\n\n\n<h2 class=\"wp-block-heading\"><strong>Como surgiu a Lopes M. A.<\/strong> Consultorias<\/h2>\n\n\n\n<h2 class=\"wp-block-heading\"><\/h2>\n\n\n\n<p><br>Desde a inf\u00e2ncia, Marcos Aur\u00e9lio Lopes j\u00e1 se interessava bastante pelas ci\u00eancias agr\u00e1rias (embora n\u00e3o tivesse conhecimento desse conceito, &nbsp;e nem se lembra de ter ouvido essa express\u00e3o naquela \u00e9poca). Gostava de horta. E gostava do manuseio em hortas. Morava em uma cidade pequena, no interior e, bem pr\u00f3ximo de sua casa, havia um local onde turistas alugavam cavalos e charretes para passeios pela cidade. Por essa raz\u00e3o, era comum a presen\u00e7a de esterco desses animais pelas ruas da cidade. E, com certa frequ\u00eancia, o menino Marcos andava por essas ruas, carregando um saco de estopa e uma pequena p\u00e1, recolhendo aquele esterco que seria utilizado como adubo org\u00e2nico na sua horta, que era cuidadosamente tratada com a ajuda de sua m\u00e3e. Na realidade, foi ela quem lhe transmitiu os primeiros ensinamentos de horticultura, como o aprendizado de cavoucar a terra, a fazer um canteiro, a esterc\u00e1-lo, a fazer uma sementeira de alface e, principalmente, a plantar couve, chuchu\u2026 Com ela tamb\u00e9m, aprendeu a cultivar a terra e, consequentemente, foi adquirindo amor pela horticultura. De fato, sem sombras de d\u00favida, a m\u00e3e o ensinou na pr\u00e1tica o real significado do verbo \u201censinar\u201d que, no aramaico, significa \u201ccriar gosto por\u201d. Efetivamente, foi o que sua progenitora fez com ele: criou, despertou nele o gosto pela terra. Dessa forma, o menino foi crescendo, o jovem foi se aprimorando e, ao longo de muitos anos, trabalhando, se desenvolvendo, cultivando\u2026<\/p>\n\n\n\n<p>Concluiu da quinta \u00e0 oitava s\u00e9rie (do sexto ao nono ano) na Escola Polivalente de Po\u00e7os de Caldas, Minas Gerais. Ali cursou a disciplina Pr\u00e1ticas Agr\u00edcolas, confirmando definitivamente seu gosto pela agricultura. Dedicou-se amplamente, tornando-se um &nbsp;dos melhores alunos. &nbsp;Seu interesse pela pesquisa nasceu nesses tempos e, nessa escola, realizou sua primeira \u201cpesquisa\u201d:&nbsp;<strong>A car\u00eancia de vitamina A no desenvolvimento de pintinhos<\/strong>. Naquela \u00e9poca, chamavam de \u201cexperi\u00eancia\u201d e, por essa experi\u00eancia, foi premiado. Foi classificado no 1\u00ba grupo entre os trabalhos de 1\u00ba grau, na II Feira Regional de Ci\u00eancias, realizada pela 19\u00aa Delegacia Regional de Ensino de Po\u00e7os de Caldas, em setembro de 1976.<\/p>\n\n\n\n<p>No ano de1979, foi para uma escola fazenda, em regime de internato, o Col\u00e9gio Agr\u00edcola de Machado, uma excelente institui\u00e7\u00e3o federal de ensino t\u00e9cnico agr\u00edcola. Ali foram tr\u00eas anos de muito estudo, de extrema dedica\u00e7\u00e3o e intenso aprendizado. A cada dia, aprendia mais e mais, aprimorando o gosto pelas ci\u00eancias agr\u00e1rias.<\/p>\n\n\n\n<p>Em dezembro de 1981, o jovem de 18 anos de idade conclui o Ensino M\u00e9dio. J\u00e1 era um t\u00e9cnico agr\u00edcola. Em mar\u00e7o de 1982, foi para a UFRRJ, onde cursou Licenciatura Plena em Ci\u00eancias Agr\u00edcolas. Na Rural, como \u00e9 conhecida a UFRRJ, realizou v\u00e1rios est\u00e1gios buscando adquirir conhecimentos em diferentes \u00e1reas das ci\u00eancias agr\u00e1rias; foi bolsista de inicia\u00e7\u00e3o cient\u00edfica do CNPq (Conselho Nacional de Desenvolvimento Cient\u00edfico e Tecnol\u00f3gico); foi monitor da disciplina de Entomologia Agr\u00edcola, oportunidade em que ministrou aulas pr\u00e1ticas para alunos dos cursos de Agronomia, Engenharia Agr\u00edcola e Licenciatura em Ci\u00eancias Agr\u00edcolas); e participou de muitos eventos t\u00e9cnicos cient\u00edficos (dias de campo, palestras, simp\u00f3sios, congressos).<\/p>\n\n\n\n<p>Tendo terminado a gradua\u00e7\u00e3o em 1985, foi trabalhar na ent\u00e3o antiga Escola Agrot\u00e9cnica Federal de Muzambinho, atual Instituto Federal de Minas Gerais, Campus de Muzambinho. Naquela institui\u00e7\u00e3o atuou como professor de bovinocultura e caprinocultura, bem como respons\u00e1vel pelos setores de Gado de Leite e Caprinocultura. Indiscutivelmente, foram sete anos de muito trabalho, extrema dedica\u00e7\u00e3o e um profundo aprendizado, que o impulsionaram ao t\u00e3o sonhado mestrado em Zootecnia (Bovinocultura), na Universidade Federal de Lavras (UFLA), onde se tornou professor, em 1994.<\/p>\n\n\n\n<p>O sonho do Prof. Marcos Aur\u00e9lio n\u00e3o parou no mestrado. Fez o doutorado, em bovinocultura em uma das mais bem conceituadas escolas do pa\u00eds, a Faculdade de Ci\u00eancia Agr\u00e1ria e Veterin\u00e1rias (FCAV) da UNESP, campus de Jaboticabal, SP. &nbsp;Defendeu sua tese em fevereiro de 2000, sendo contemplado com o conceito \u201cAprovado com Distin\u00e7\u00e3o e Louvor\u201d.<\/p>\n\n\n\n<p>De volta a Lavras, assumiu a ger\u00eancia executiva do UFLATEC \u2013 Centro de Tecnologia em Inform\u00e1tica da UFLA, quando criou, coordenou e ministrou o primeiro curso \u00e0 dist\u00e2ncia,&nbsp;<em>on line<\/em>, para o setor agropecu\u00e1rio na Am\u00e9rica Latina. A partir desse, v\u00e1rios outros foram ministrados e coordenados pelo Prof. Marcos Aur\u00e9lio. Ocupou v\u00e1rios cargos na diretoria da SBI-Agro (Associa\u00e7\u00e3o Brasileira de Agroinform\u00e1tica), inclusive presidente. No Departamento de Medicina Veterin\u00e1ria da UFLA, foi Subchefe, Supervisor de Inform\u00e1tica, membro da C\u00e2mara de Pesquisa, coordenador do Laborat\u00f3rio de Inform\u00e1tica Aplicada \u00e0 Produ\u00e7\u00e3o Animal (LIA), bem como de diversos projetos de extens\u00e3o e pesquisa, sendo, tamb\u00e9m, bolsista de produtividade em pesquisa do CNPq.<\/p>\n\n\n\n<p>Realizou um p\u00f3s-doutorado na&nbsp;<em>Universit\u00e0 degli Studi di Firenze<\/em>&nbsp;(UNIFI), na It\u00e1lia, em 2018. Posteriormente, em 2019,&nbsp; a convite dessa mesma institui\u00e7\u00e3o, foi pesquisador visitante, com bolsa da UNIFI, participando de pesquisa colaborativa com pesquisadores do&nbsp;<em>Department of Science and Technology in Agriculture, Food, Environment and Forestry&nbsp;<\/em>&nbsp;(DAGRI) daquela institui\u00e7\u00e3o.<\/p>\n\n\n\n<p>Em outubro de 2019, depois de 35 anos de muita dedica\u00e7\u00e3o, muito zelo e esmero, atuando como professor, pesquisador e extensionista, o Prof. Marcos Aur\u00e9lio se aposentou. Embora continue como professor do Programa de P\u00f3s-Gradua\u00e7\u00e3o em Ci\u00eancias Veterin\u00e1rias da UFLA, ministrando aulas como volunt\u00e1rio, orientando estudantes de mestrado e doutorado, bem como orientando pesquisador em n\u00edvel de p\u00f3s-doutorado.<\/p>\n\n\n\n<p>Nessa longa e intensa jornada de vida profissional, o Prof. Marcos Aur\u00e9lio ministrou milhares de horas-aula no ensino t\u00e9cnico agropecu\u00e1rio, de gradua\u00e7\u00e3o e p\u00f3s-gradua\u00e7\u00e3o em produ\u00e7\u00e3o animal. Publicou 203 artigos cient\u00edficos e 363 resumos em congressos no Brasil e no exterior. Publicou tamb\u00e9m cinco livros e cinco cap\u00edtulos de livros. Escreveu &nbsp;26 apostilas, 17 boletins t\u00e9cnicos e quatro cartilhas. Orientou e co-orientou 313 estudantes em n\u00edvel de inicia\u00e7\u00e3o cient\u00edfica, especializa\u00e7\u00e3o, mestrado, doutorado e p\u00f3s-doutorado.&nbsp; Ministrou tamb\u00e9m 275 cursos e 105 palestras, no Brasil e no exterior. Foi consultor em diversas empresas e institui\u00e7\u00f5es, das quais Pfizer \u2013 Sa\u00fade Animal e MIDA (<em>Ministerio de Desarrolo Agropecu\u00e1rio<\/em>, do Panam\u00e1) e SENAR \u2013 MG, onde \u00e9, tamb\u00e9m, instrutor em cursos de gest\u00e3o e bovinocultura. Visitou 47 pa\u00edses (em quatro continentes) e 26 estados do Brasil, sendo 19 e 21, respectivamente, com participa\u00e7\u00f5es em eventos t\u00e9cnicos e\/ou cient\u00edficos.<\/p>\n\n\n\n<p>Com sua aposentadoria, o conhecimento e a&nbsp;<strong>experi\u00eancia<\/strong>&nbsp;adquiridos pelo Prof. Marcos Aur\u00e9lio Lopes, ao longo de 35 anos de trabalho marcado pela&nbsp;<strong>excel\u00eancia,<\/strong>&nbsp;agora est\u00e3o dispon\u00edveis aos empreendedores, investidores, t\u00e9cnicos e estudantes interessados e preocupados com o desenvolvimento rural sustent\u00e1vel, atrav\u00e9s da Lopes M. A. Consultorias e Forma\u00e7\u00e3o em&nbsp;<strong>Desenvolvimento Rural Sustent\u00e1vel&nbsp;<\/strong>Ltda.<\/p>\n","protected":false},"excerpt":{"rendered":"<p>Miss\u00e3o: Capacitar t\u00e9cnicos, estudantes, pecuaristas e trabalhadores na bovinocultura para uma maior produ\u00e7\u00e3o de alimentos, de forma economicamente vi\u00e1vel, socialmente justa e ambientalmente correta, promovendo o desenvolvimento pessoal e profissional eficaz. Capacitar t\u00e9cnicos, estudantes, pecuaristas e trabalhadores na bovinocultura para uma maior produ\u00e7\u00e3o de alimentos, de forma economicamente vi\u00e1vel, socialmente justa e ambientalmente correta, promovendo [&hellip;]<\/p>\n","protected":false},"author":1,"featured_media":0,"parent":0,"menu_order":0,"comment_status":"closed","ping_status":"open","template":"templates\/template-full-width.php","meta":{"footnotes":""},"class_list":["post-7","page","type-page","status-publish","hentry"],"_links":{"self":[{"href":"https:\/\/lopesmaconsultoria.com.br\/site\/wp-json\/wp\/v2\/pages\/7","targetHints":{"allow":["GET"]}}],"collection":[{"href":"https:\/\/lopesmaconsultoria.com.br\/site\/wp-json\/wp\/v2\/pages"}],"about":[{"href":"https:\/\/lopesmaconsultoria.com.br\/site\/wp-json\/wp\/v2\/types\/page"}],"author":[{"embeddable":true,"href":"https:\/\/lopesmaconsultoria.com.br\/site\/wp-json\/wp\/v2\/users\/1"}],"replies":[{"embeddable":true,"href":"https:\/\/lopesmaconsultoria.com.br\/site\/wp-json\/wp\/v2\/comments?post=7"}],"version-history":[{"count":67,"href":"https:\/\/lopesmaconsultoria.com.br\/site\/wp-json\/wp\/v2\/pages\/7\/revisions"}],"predecessor-version":[{"id":1569,"href":"https:\/\/lopesmaconsultoria.com.br\/site\/wp-json\/wp\/v2\/pages\/7\/revisions\/1569"}],"wp:attachment":[{"href":"https:\/\/lopesmaconsultoria.com.br\/site\/wp-json\/wp\/v2\/media?parent=7"}],"curies":[{"name":"wp","href":"https:\/\/api.w.org\/{rel}","templated":true}]}}